{"id":147393,"date":"2024-12-23T11:38:05","date_gmt":"2024-12-23T09:38:05","guid":{"rendered":"https:\/\/greecexperience.gr\/die-segelyacht\/charterboat\/"},"modified":"2026-04-27T19:33:15","modified_gmt":"2026-04-27T17:33:15","slug":"yachtcharter-preveza","status":"publish","type":"page","link":"https:\/\/greecexperience.gr\/de\/die-segelyacht\/yachtcharter-preveza\/","title":{"rendered":"Charterboot"},"content":{"rendered":"<div class=\"wpb-content-wrapper\"><p>[vc_row unlock_row_content=&#8220;yes&#8220; row_height_percent=&#8220;0&#8243; override_padding=&#8220;yes&#8220; h_padding=&#8220;0&#8243; top_padding=&#8220;0&#8243; bottom_padding=&#8220;0&#8243; overlay_alpha=&#8220;50&#8243; gutter_size=&#8220;3&#8243; column_width_percent=&#8220;100&#8243; shift_y=&#8220;0&#8243; z_index=&#8220;0&#8243; auto_height_device=&#8220;yes&#8220; content_parallax=&#8220;0&#8243; uncode_shortcode_id=&#8220;129958&#8243; row_height_pixel=&#8220;400&#8243;][vc_column column_width_percent=&#8220;100&#8243; align_horizontal=&#8220;align_center&#8220; gutter_size=&#8220;3&#8243; back_image=&#8220;147252&#8243; back_repeat=&#8220;no-repeat&#8220; back_position=&#8220;center center&#8220; kburns=&#8220;yes&#8220; overlay_alpha=&#8220;50&#8243; shift_x=&#8220;0&#8243; shift_y=&#8220;0&#8243; shift_y_down=&#8220;0&#8243; z_index=&#8220;0&#8243; medium_width=&#8220;0&#8243; mobile_width=&#8220;0&#8243; width=&#8220;1\/1&#8243; uncode_shortcode_id=&#8220;438624&#8243; mobile_height=&#8220;400&#8243; css=&#8220;.vc_custom_1746357951650{padding-top: 250px !important;padding-bottom: 250px !important;}&#8220;][\/vc_column][\/vc_row][vc_row][vc_column width=&#8220;1\/1&#8243;][uncode_breadcrumbs text_lead=&#8220;small&#8220;][\/vc_column][\/vc_row][vc_row][vc_column column_width_percent=&#8220;100&#8243; gutter_size=&#8220;3&#8243; overlay_alpha=&#8220;50&#8243; shift_x=&#8220;0&#8243; shift_y=&#8220;0&#8243; shift_y_down=&#8220;0&#8243; z_index=&#8220;0&#8243; medium_width=&#8220;0&#8243; mobile_width=&#8220;0&#8243; width=&#8220;1\/1&#8243; uncode_shortcode_id=&#8220;188378&#8243;][vc_column_text uncode_shortcode_id=&#8220;322361&#8243;]<strong>Die SY Thalassa liegt im Stadthafen von Preveza \u2013 einer lebhaften Hafenstadt an der Westk\u00fcste Griechenlands, am Ausgang des Ambrakischen Golfs.<br \/>\n<\/strong>Von hier aus l\u00e4sst sich das Ionische Meer perfekt erkunden. In s\u00fcdlicher Richtung geht es nach Lefkada, Meganisi, Ithaka und Kefalonia, in n\u00f6rdlicher Richtung nach Parga, Paxos und Korfu. Die SY Thalassa ist eine Beneteau Oceanis 423 Clipper in Topzustand, die 2023\/24 komplett \u00fcberholt wurde. Sie ist stabil, an alle Segelbedingungen anpassbar und bietet eine au\u00dfergew\u00f6hnliche Leistung, wie sie bei modernen Yachten selten zu finden ist.<\/p>\n<p>Wenn Sie einen Segelschein und grundlegende Segelerfahrung besitzen, k\u00f6nnen Sie das Boot mit Ihrer Familie, Freunden und Ihren Lieben selbst chartern.<\/p>\n<p>So haben Sie die M\u00f6glichkeit, die Sch\u00f6nheit des Meeres selbst zu entdecken, Ihren eigenen Kurs zu bestimmen und Ihre eigene Reiseroute durch wundersch\u00f6ne Buchten, an bezaubernden Str\u00e4nden und malerischen H\u00e4fen zu planen. Genie\u00dfen Sie die Magie des Meeres und die Freiheit, die Ihnen ein Segelboot bietet. Selbstverst\u00e4ndlich erhalten Sie von uns auch Routenvorschl\u00e4ge sowie Tipps und Ratschl\u00e4ge zu sicheren Ankerpl\u00e4tzen. Dar\u00fcber hinaus k\u00f6nnen Sie sich darauf verlassen, dass wir Ihnen \u00fcberall innerhalb von drei bis vier Stunden Hilfe anbieten k\u00f6nnen, damit Sie Ihre Reise sicher und ohne Sorgen fortsetzen k\u00f6nnen.<\/p>\n<p>Wir empfehlen Familien, Paaren und Freundesgruppen, die einen unbeschwerten Urlaub verbringen m\u00f6chten, die Buchung eines Skippers. So k\u00f6nnen Sie Ihren Urlaub ganz nach Ihren W\u00fcnschen gestalten. \u00dcberlassen Sie einfach dem Skipper das Ruder und genie\u00dfen Sie die Freiheit auf dem Wasser.<br \/>\nNoch besser ist es, wenn Sie <span style=\"color: #65b2e8;\"><strong><a style=\"color: #65b2e8;\" href=\"https:\/\/greecexperience.gr\/de\/segle-mit-uns\/\">einen unserer Segelt\u00f6rns buchen<\/a><\/strong><\/span>![\/vc_column_text][\/vc_column][\/vc_row][vc_row row_height_percent=&#8220;0&#8243; back_color=&#8220;color-734203&#8243; overlay_alpha=&#8220;50&#8243; gutter_size=&#8220;0&#8243; column_width_percent=&#8220;100&#8243; shift_y=&#8220;0&#8243; z_index=&#8220;0&#8243; content_parallax=&#8220;0&#8243; uncode_shortcode_id=&#8220;441739&#8243; back_color_type=&#8220;uncode-palette&#8220;][vc_column column_width_percent=&#8220;100&#8243; gutter_size=&#8220;3&#8243; override_padding=&#8220;yes&#8220; column_padding=&#8220;0&#8243; overlay_alpha=&#8220;50&#8243; shift_x=&#8220;0&#8243; shift_y=&#8220;0&#8243; shift_y_down=&#8220;0&#8243; z_index=&#8220;0&#8243; medium_width=&#8220;0&#8243; mobile_width=&#8220;0&#8243; width=&#8220;1\/1&#8243; uncode_shortcode_id=&#8220;161159&#8243;][vc_custom_heading text_font=&#8220;font-126119&#8243; text_weight=&#8220;200&#8243; uncode_shortcode_id=&#8220;568259&#8243;]Preise \/ Saison 2026[\/vc_custom_heading][vc_column_text uncode_shortcode_id=&#8220;436351&#8243;]<\/p>\n<table width=\"614\">\n<tbody>\n<tr>\n<td width=\"62\">Saison<\/td>\n<td width=\"291\">Beginn \u2013 Ende<\/td>\n<td width=\"72\">Preis<\/td>\n<td width=\"57\">Fr\u00fchbucher*<\/td>\n<td width=\"68\">2 Wochen<\/td>\n<td width=\"65\">Stammkunde<\/td>\n<\/tr>\n<tr>\n<td width=\"62\">A<\/td>\n<td width=\"291\">25\/7 \u2013 22\/8<\/td>\n<td width=\"72\">\u20ac 2890<\/td>\n<td width=\"57\">10%<\/td>\n<td width=\"68\">5%<\/td>\n<td width=\"65\">5%<\/td>\n<\/tr>\n<tr>\n<td width=\"62\">B<\/td>\n<td width=\"291\">20\/6 \u2013 25\/7 &amp; 22\/8 \u2013 12\/9<\/td>\n<td width=\"72\">\u20ac 2350<\/td>\n<td width=\"57\">10%<\/td>\n<td width=\"68\">5%<\/td>\n<td width=\"65\">5%<\/td>\n<\/tr>\n<tr>\n<td width=\"62\">C<\/td>\n<td width=\"291\">16\/5 \u2013 20\/6 &amp; 12\/9 \u2013 3\/10<\/td>\n<td width=\"72\">\u20ac 2030<\/td>\n<td width=\"57\">10%<\/td>\n<td width=\"68\">5%<\/td>\n<td width=\"65\">5%<\/td>\n<\/tr>\n<tr>\n<td width=\"62\">D<\/td>\n<td width=\"291\">18\/4 \u2013 16\/5 &amp; 3\/10 \u2013 24\/10<\/td>\n<td width=\"72\">\u20ac 1670<\/td>\n<td width=\"57\">10%<\/td>\n<td width=\"68\">5%<\/td>\n<td width=\"65\">5%<\/td>\n<\/tr>\n<\/tbody>\n<\/table>\n<p><em>* Fr\u00fchbucherrabatt bis zum 30. Januar<\/em>[\/vc_column_text][\/vc_column][\/vc_row][vc_row][vc_column width=&#8220;1\/3&#8243;][vc_custom_heading text_font=&#8220;font-126119&#8243; text_weight=&#8220;200&#8243; uncode_shortcode_id=&#8220;125241&#8243;]Zus\u00e4tzliche Details[\/vc_custom_heading][vc_column_text uncode_shortcode_id=&#8220;459809&#8243;]Mindestaufenthalt: 7 Tage<br \/>\nKaution: 2.000 \u20ac (VISA or MC)<br \/>\nEndreinigung: 200 \u20ac einmalig<br \/>\nCheck-in: Samstag 17:00<br \/>\nCheck-out*: Samstag 9:00<br \/>\n<em><br \/>\n*Die Yacht muss sp\u00e4testens am Vortag um 18:00 Uhr an der Basis zur\u00fcckgegeben werden, damit sie in einwandfreiem Zustand an den n\u00e4chsten Charterer \u00fcbergeben werden kann.<\/em>[\/vc_column_text][\/vc_column][vc_column width=&#8220;1\/3&#8243;][vc_custom_heading text_font=&#8220;font-126119&#8243; text_weight=&#8220;200&#8243; uncode_shortcode_id=&#8220;166534&#8243;]Bedingungen[\/vc_custom_heading][vc_column_text uncode_shortcode_id=&#8220;604349&#8243;]Zahlung: Anzahlung 40 % innerhalb von 7 Tagen nach der Buchungsbest\u00e4tigung und 60 % Restzahlung 30 Tage vor Einschiffung.<br \/>\nStornierung*: Bei mehr als 30 Tage vor Einschiffung werden 50 % der gesamten Chartergeb\u00fchr f\u00e4llig. Bei weniger als 30 Tage vor Einschiffung werden 100 % der gesamten Chartergeb\u00fchr f\u00e4llig.<\/p>\n<p><em>*Wird das Boot f\u00fcr denselben Zeitraum erneut vermietet, werden die Stornierungsgeb\u00fchren zur\u00fcckerstattet.<\/em>[\/vc_column_text][\/vc_column][vc_column width=&#8220;1\/3&#8243;][vc_custom_heading text_font=&#8220;font-126119&#8243; text_weight=&#8220;200&#8243; uncode_shortcode_id=&#8220;120903&#8243;]Optional[\/vc_custom_heading][vc_column_text uncode_shortcode_id=&#8220;126490&#8243;]Au\u00dfenbordmotor: 75 \u20ac<br \/>\nFr\u00fcher Check-in bis 14:00 Uhr: 70 \u20ac<br \/>\nSkipper: 200 \u20ac pro Tag zuz\u00fcglich Verpflegung<br \/>\nTransfers, WLAN, Sicherheitsnetz, SUP, Schnorchelset[\/vc_column_text][\/vc_column][\/vc_row]<\/p>\n<\/div>","protected":false},"excerpt":{"rendered":"<p>[vc_row unlock_row_content=&#8220;yes&#8220; row_height_percent=&#8220;0&#8243; override_padding=&#8220;yes&#8220; h_padding=&#8220;0&#8243; top_padding=&#8220;0&#8243; bottom_padding=&#8220;0&#8243; overlay_alpha=&#8220;50&#8243; gutter_size=&#8220;3&#8243; column_width_percent=&#8220;100&#8243; shift_y=&#8220;0&#8243; z_index=&#8220;0&#8243; auto_height_device=&#8220;yes&#8220; content_parallax=&#8220;0&#8243; uncode_shortcode_id=&#8220;129958&#8243; row_height_pixel=&#8220;400&#8243;][vc_column column_width_percent=&#8220;100&#8243; align_horizontal=&#8220;align_center&#8220; gutter_size=&#8220;3&#8243; back_image=&#8220;147252&#8243; [&hellip;]<\/p>\n","protected":false},"author":1,"featured_media":0,"parent":147386,"menu_order":0,"comment_status":"closed","ping_status":"closed","template":"","meta":{"footnotes":""},"class_list":["post-147393","page","type-page","status-publish","hentry"],"yoast_head":"<!-- This site is optimized with the Yoast SEO plugin v27.4 - https:\/\/yoast.com\/product\/yoast-seo-wordpress\/ -->\n<title>Yachtcharter Griechenland \u2013 SY Thalassa | GreeceXperience<\/title>\n<meta name=\"description\" content=\"Yachtcharter in Griechenland: Die SY Thalassa ab Preveza \u2013 ideal f\u00fcr individuelle Segelt\u00f6rns im Ionischen Meer.\" \/>\n<meta name=\"robots\" content=\"index, follow, max-snippet:-1, max-image-preview:large, max-video-preview:-1\" \/>\n<link rel=\"canonical\" href=\"https:\/\/greecexperience.gr\/de\/die-segelyacht\/yachtcharter-preveza\/\" \/>\n<meta property=\"og:locale\" content=\"de_DE\" \/>\n<meta property=\"og:type\" content=\"article\" \/>\n<meta property=\"og:title\" content=\"Yachtcharter Griechenland \u2013 SY Thalassa | GreeceXperience\" \/>\n<meta property=\"og:description\" content=\"Yachtcharter in Griechenland: Die SY Thalassa ab Preveza \u2013 ideal f\u00fcr individuelle Segelt\u00f6rns im Ionischen Meer.\" \/>\n<meta property=\"og:url\" content=\"https:\/\/greecexperience.gr\/de\/die-segelyacht\/yachtcharter-preveza\/\" \/>\n<meta property=\"og:site_name\" content=\"G r e e c e X p e r i e n c e\" \/>\n<meta property=\"article:publisher\" content=\"https:\/\/www.facebook.com\/Mediteron\" \/>\n<meta property=\"article:modified_time\" content=\"2026-04-27T17:33:15+00:00\" \/>\n<meta name=\"twitter:card\" content=\"summary_large_image\" \/>\n<meta name=\"twitter:label1\" content=\"Gesch\u00e4tzte Lesezeit\" \/>\n\t<meta name=\"twitter:data1\" content=\"3\u00a0Minuten\" \/>\n<script type=\"application\/ld+json\" class=\"yoast-schema-graph\">{\"@context\":\"https:\\\/\\\/schema.org\",\"@graph\":[{\"@type\":\"WebPage\",\"@id\":\"https:\\\/\\\/greecexperience.gr\\\/de\\\/die-segelyacht\\\/yachtcharter-preveza\\\/\",\"url\":\"https:\\\/\\\/greecexperience.gr\\\/de\\\/die-segelyacht\\\/yachtcharter-preveza\\\/\",\"name\":\"Yachtcharter Griechenland \u2013 SY Thalassa | GreeceXperience\",\"isPartOf\":{\"@id\":\"https:\\\/\\\/greecexperience.gr\\\/#website\"},\"datePublished\":\"2024-12-23T09:38:05+00:00\",\"dateModified\":\"2026-04-27T17:33:15+00:00\",\"description\":\"Yachtcharter in Griechenland: Die SY Thalassa ab Preveza \u2013 ideal f\u00fcr individuelle Segelt\u00f6rns im Ionischen Meer.\",\"breadcrumb\":{\"@id\":\"https:\\\/\\\/greecexperience.gr\\\/de\\\/die-segelyacht\\\/yachtcharter-preveza\\\/#breadcrumb\"},\"inLanguage\":\"de\",\"potentialAction\":[{\"@type\":\"ReadAction\",\"target\":[\"https:\\\/\\\/greecexperience.gr\\\/de\\\/die-segelyacht\\\/yachtcharter-preveza\\\/\"]}]},{\"@type\":\"BreadcrumbList\",\"@id\":\"https:\\\/\\\/greecexperience.gr\\\/de\\\/die-segelyacht\\\/yachtcharter-preveza\\\/#breadcrumb\",\"itemListElement\":[{\"@type\":\"ListItem\",\"position\":1,\"name\":\"Home\",\"item\":\"https:\\\/\\\/greecexperience.gr\\\/de\\\/\"},{\"@type\":\"ListItem\",\"position\":2,\"name\":\"Die Segelyacht\",\"item\":\"https:\\\/\\\/greecexperience.gr\\\/de\\\/die-segelyacht\\\/\"},{\"@type\":\"ListItem\",\"position\":3,\"name\":\"Charterboot\"}]},{\"@type\":\"WebSite\",\"@id\":\"https:\\\/\\\/greecexperience.gr\\\/#website\",\"url\":\"https:\\\/\\\/greecexperience.gr\\\/\",\"name\":\"G r e e c e X p e r i e n c e\",\"description\":\"Experience Greece by land and sea!\",\"publisher\":{\"@id\":\"https:\\\/\\\/greecexperience.gr\\\/#organization\"},\"potentialAction\":[{\"@type\":\"SearchAction\",\"target\":{\"@type\":\"EntryPoint\",\"urlTemplate\":\"https:\\\/\\\/greecexperience.gr\\\/?s={search_term_string}\"},\"query-input\":{\"@type\":\"PropertyValueSpecification\",\"valueRequired\":true,\"valueName\":\"search_term_string\"}}],\"inLanguage\":\"de\"},{\"@type\":\"Organization\",\"@id\":\"https:\\\/\\\/greecexperience.gr\\\/#organization\",\"name\":\"G r e e c e X p e r i e n c e\",\"url\":\"https:\\\/\\\/greecexperience.gr\\\/\",\"logo\":{\"@type\":\"ImageObject\",\"inLanguage\":\"de\",\"@id\":\"https:\\\/\\\/greecexperience.gr\\\/#\\\/schema\\\/logo\\\/image\\\/\",\"url\":\"https:\\\/\\\/greecexperience.gr\\\/wp-content\\\/uploads\\\/2025\\\/03\\\/logo-greecexperience.png\",\"contentUrl\":\"https:\\\/\\\/greecexperience.gr\\\/wp-content\\\/uploads\\\/2025\\\/03\\\/logo-greecexperience.png\",\"width\":500,\"height\":111,\"caption\":\"G r e e c e X p e r i e n c e\"},\"image\":{\"@id\":\"https:\\\/\\\/greecexperience.gr\\\/#\\\/schema\\\/logo\\\/image\\\/\"},\"sameAs\":[\"https:\\\/\\\/www.facebook.com\\\/Mediteron\",\"https:\\\/\\\/www.instagram.com\\\/mediteron_lifeandnature\"]}]}<\/script>\n<!-- \/ Yoast SEO plugin. -->","yoast_head_json":{"title":"Yachtcharter Griechenland \u2013 SY Thalassa | GreeceXperience","description":"Yachtcharter in Griechenland: Die SY Thalassa ab Preveza \u2013 ideal f\u00fcr individuelle Segelt\u00f6rns im Ionischen Meer.","robots":{"index":"index","follow":"follow","max-snippet":"max-snippet:-1","max-image-preview":"max-image-preview:large","max-video-preview":"max-video-preview:-1"},"canonical":"https:\/\/greecexperience.gr\/de\/die-segelyacht\/yachtcharter-preveza\/","og_locale":"de_DE","og_type":"article","og_title":"Yachtcharter Griechenland \u2013 SY Thalassa | GreeceXperience","og_description":"Yachtcharter in Griechenland: Die SY Thalassa ab Preveza \u2013 ideal f\u00fcr individuelle Segelt\u00f6rns im Ionischen Meer.","og_url":"https:\/\/greecexperience.gr\/de\/die-segelyacht\/yachtcharter-preveza\/","og_site_name":"G r e e c e X p e r i e n c e","article_publisher":"https:\/\/www.facebook.com\/Mediteron","article_modified_time":"2026-04-27T17:33:15+00:00","twitter_card":"summary_large_image","twitter_misc":{"Gesch\u00e4tzte Lesezeit":"3\u00a0Minuten"},"schema":{"@context":"https:\/\/schema.org","@graph":[{"@type":"WebPage","@id":"https:\/\/greecexperience.gr\/de\/die-segelyacht\/yachtcharter-preveza\/","url":"https:\/\/greecexperience.gr\/de\/die-segelyacht\/yachtcharter-preveza\/","name":"Yachtcharter Griechenland \u2013 SY Thalassa | GreeceXperience","isPartOf":{"@id":"https:\/\/greecexperience.gr\/#website"},"datePublished":"2024-12-23T09:38:05+00:00","dateModified":"2026-04-27T17:33:15+00:00","description":"Yachtcharter in Griechenland: Die SY Thalassa ab Preveza \u2013 ideal f\u00fcr individuelle Segelt\u00f6rns im Ionischen Meer.","breadcrumb":{"@id":"https:\/\/greecexperience.gr\/de\/die-segelyacht\/yachtcharter-preveza\/#breadcrumb"},"inLanguage":"de","potentialAction":[{"@type":"ReadAction","target":["https:\/\/greecexperience.gr\/de\/die-segelyacht\/yachtcharter-preveza\/"]}]},{"@type":"BreadcrumbList","@id":"https:\/\/greecexperience.gr\/de\/die-segelyacht\/yachtcharter-preveza\/#breadcrumb","itemListElement":[{"@type":"ListItem","position":1,"name":"Home","item":"https:\/\/greecexperience.gr\/de\/"},{"@type":"ListItem","position":2,"name":"Die Segelyacht","item":"https:\/\/greecexperience.gr\/de\/die-segelyacht\/"},{"@type":"ListItem","position":3,"name":"Charterboot"}]},{"@type":"WebSite","@id":"https:\/\/greecexperience.gr\/#website","url":"https:\/\/greecexperience.gr\/","name":"G r e e c e X p e r i e n c e","description":"Experience Greece by land and sea!","publisher":{"@id":"https:\/\/greecexperience.gr\/#organization"},"potentialAction":[{"@type":"SearchAction","target":{"@type":"EntryPoint","urlTemplate":"https:\/\/greecexperience.gr\/?s={search_term_string}"},"query-input":{"@type":"PropertyValueSpecification","valueRequired":true,"valueName":"search_term_string"}}],"inLanguage":"de"},{"@type":"Organization","@id":"https:\/\/greecexperience.gr\/#organization","name":"G r e e c e X p e r i e n c e","url":"https:\/\/greecexperience.gr\/","logo":{"@type":"ImageObject","inLanguage":"de","@id":"https:\/\/greecexperience.gr\/#\/schema\/logo\/image\/","url":"https:\/\/greecexperience.gr\/wp-content\/uploads\/2025\/03\/logo-greecexperience.png","contentUrl":"https:\/\/greecexperience.gr\/wp-content\/uploads\/2025\/03\/logo-greecexperience.png","width":500,"height":111,"caption":"G r e e c e X p e r i e n c e"},"image":{"@id":"https:\/\/greecexperience.gr\/#\/schema\/logo\/image\/"},"sameAs":["https:\/\/www.facebook.com\/Mediteron","https:\/\/www.instagram.com\/mediteron_lifeandnature"]}]}},"_links":{"self":[{"href":"https:\/\/greecexperience.gr\/de\/wp-json\/wp\/v2\/pages\/147393","targetHints":{"allow":["GET"]}}],"collection":[{"href":"https:\/\/greecexperience.gr\/de\/wp-json\/wp\/v2\/pages"}],"about":[{"href":"https:\/\/greecexperience.gr\/de\/wp-json\/wp\/v2\/types\/page"}],"author":[{"embeddable":true,"href":"https:\/\/greecexperience.gr\/de\/wp-json\/wp\/v2\/users\/1"}],"replies":[{"embeddable":true,"href":"https:\/\/greecexperience.gr\/de\/wp-json\/wp\/v2\/comments?post=147393"}],"version-history":[{"count":3,"href":"https:\/\/greecexperience.gr\/de\/wp-json\/wp\/v2\/pages\/147393\/revisions"}],"predecessor-version":[{"id":148128,"href":"https:\/\/greecexperience.gr\/de\/wp-json\/wp\/v2\/pages\/147393\/revisions\/148128"}],"up":[{"embeddable":true,"href":"https:\/\/greecexperience.gr\/de\/wp-json\/wp\/v2\/pages\/147386"}],"wp:attachment":[{"href":"https:\/\/greecexperience.gr\/de\/wp-json\/wp\/v2\/media?parent=147393"}],"curies":[{"name":"wp","href":"https:\/\/api.w.org\/{rel}","templated":true}]}}