{"id":147400,"date":"2025-02-12T12:51:52","date_gmt":"2025-02-12T10:51:52","guid":{"rendered":"https:\/\/greecexperience.gr\/die-segelyacht\/boat-details\/"},"modified":"2026-04-27T19:30:45","modified_gmt":"2026-04-27T17:30:45","slug":"segelyacht-preveza","status":"publish","type":"page","link":"https:\/\/greecexperience.gr\/de\/die-segelyacht\/segelyacht-preveza\/","title":{"rendered":"Bootsdetails"},"content":{"rendered":"<div class=\"wpb-content-wrapper\"><p>[vc_row unlock_row_content=&#8220;yes&#8220; row_height_percent=&#8220;0&#8243; override_padding=&#8220;yes&#8220; h_padding=&#8220;0&#8243; top_padding=&#8220;0&#8243; bottom_padding=&#8220;0&#8243; overlay_alpha=&#8220;50&#8243; gutter_size=&#8220;3&#8243; column_width_percent=&#8220;100&#8243; shift_y=&#8220;0&#8243; z_index=&#8220;0&#8243; auto_height_device=&#8220;yes&#8220; content_parallax=&#8220;0&#8243; uncode_shortcode_id=&#8220;187532&#8243; row_height_pixel=&#8220;400&#8243;][vc_column column_width_percent=&#8220;100&#8243; align_horizontal=&#8220;align_center&#8220; gutter_size=&#8220;0&#8243; override_padding=&#8220;yes&#8220; column_padding=&#8220;0&#8243; back_image=&#8220;147353&#8243; back_repeat=&#8220;no-repeat&#8220; back_position=&#8220;center center&#8220; kburns=&#8220;yes&#8220; overlay_alpha=&#8220;50&#8243; shift_x=&#8220;0&#8243; shift_y=&#8220;0&#8243; shift_y_down=&#8220;0&#8243; z_index=&#8220;0&#8243; medium_width=&#8220;0&#8243; mobile_width=&#8220;0&#8243; width=&#8220;1\/1&#8243; uncode_shortcode_id=&#8220;121189&#8243; mobile_height=&#8220;400&#8243; css=&#8220;.vc_custom_1746358063256{padding-top: 250px !important;padding-bottom: 250px !important;}&#8220;][\/vc_column][\/vc_row][vc_row][vc_column width=&#8220;1\/1&#8243;][uncode_breadcrumbs text_lead=&#8220;small&#8220;][\/vc_column][\/vc_row][vc_row][vc_column width=&#8220;1\/2&#8243;][vc_custom_heading text_font=&#8220;font-126119&#8243; text_weight=&#8220;200&#8243; uncode_shortcode_id=&#8220;845628&#8243;]Standort[\/vc_custom_heading][vc_column_text uncode_shortcode_id=&#8220;134316&#8243;]Unsere SY Thalassa liegt im st\u00e4dtischen Hafen von Preveza an der Westk\u00fcste, an der Ausfahrt des Ambrakischen Golfs, einem idealen Ausgangspunkt f\u00fcr Segelt\u00f6rns zu den s\u00fcdlichen und n\u00f6rdlichen Ionischen Inseln.<\/p>\n<p>Stadt-Hafen Preveza, 48100 Preveza<br \/>\n<span style=\"text-decoration: underline;\"><a href=\"https:\/\/maps.app.goo.gl\/dNDWgGmMmBwSAePx8\" target=\"_blank\" rel=\"noopener\">GPS 38\u00b0 57,462&#8242; N 020\u00b0 45,357&#8242; E<\/a><\/span><br \/>\nRegion: Epirus-Griechenland[\/vc_column_text][\/vc_column][vc_column width=&#8220;1\/2&#8243;][vc_custom_heading text_font=&#8220;font-126119&#8243; text_weight=&#8220;200&#8243; uncode_shortcode_id=&#8220;187672&#8243;]Anreise[\/vc_custom_heading][vc_column_text uncode_shortcode_id=&#8220;180325&#8243;]Mit dem Flugzeug: Direktfl\u00fcge nach Preveza von Anfang Mai bis Ende Oktober.<\/p>\n<p>Taxi-Abholung vom Flughafen Preveza auf Anfrage.<\/p>\n<p>Vor- und Nachsaison \u00fcber Athen, Thessaloniki oder Korfu mit anschlie\u00dfendem Transfer nach Preveza<\/p>\n<p>Mit dem Auto: Von Ancona oder Venedig nach Igoumenitsa[\/vc_column_text][\/vc_column][\/vc_row][vc_row][vc_column width=&#8220;1\/1&#8243;][vc_gallery el_id=&#8220;gallery-722348&#8243; medias=&#8220;147253,147274,147273,147272,147271,147270,147269,147268,147267,147266,147265,147264,147263,147262,147261,147260,147259,147258,147256,147255,147254&#8243; style_preset=&#8220;metro&#8220; gutter_size=&#8220;2&#8243; screen_lg=&#8220;1000&#8243; screen_md=&#8220;600&#8243; screen_sm=&#8220;480&#8243; single_overlay_opacity=&#8220;50&#8243; single_padding=&#8220;2&#8243; uncode_shortcode_id=&#8220;419086&#8243;][\/vc_column][\/vc_row][vc_row row_height_percent=&#8220;0&#8243; override_padding=&#8220;yes&#8220; h_padding=&#8220;2&#8243; top_padding=&#8220;0&#8243; bottom_padding=&#8220;0&#8243; overlay_alpha=&#8220;50&#8243; gutter_size=&#8220;3&#8243; column_width_percent=&#8220;100&#8243; shift_y=&#8220;0&#8243; z_index=&#8220;0&#8243; content_parallax=&#8220;0&#8243; uncode_shortcode_id=&#8220;741152&#8243; css=&#8220;.vc_custom_1741794999442{padding-top: 32px !important;}&#8220;][vc_column width=&#8220;1\/4&#8243;][vc_custom_heading text_font=&#8220;font-126119&#8243; text_weight=&#8220;200&#8243; uncode_shortcode_id=&#8220;192012&#8243;]Bootsausstattung[\/vc_custom_heading][\/vc_column][vc_column width=&#8220;1\/4&#8243;][\/vc_column][vc_column width=&#8220;1\/4&#8243;][\/vc_column][vc_column width=&#8220;1\/4&#8243;][\/vc_column][\/vc_row][vc_row][vc_column width=&#8220;1\/4&#8243;][vc_column_text uncode_shortcode_id=&#8220;206037&#8243;]\u2713 12-Volt-Steckdose<br \/>\n\u2713 220-Volt-Steckdose<br \/>\n\u2713 Autopilot<br \/>\n\u2713 Barometer<br \/>\n\u2713 Bimini<br \/>\n\u2713 Fernglas<br \/>\n\u2713 Leuchtrakete<br \/>\n\u2713 Uhr<br \/>\n\u2713 Cockpit-Bedienfeld<br \/>\n\u2713 Cockpit-Lautsprecher<br \/>\n\u2713 Cockpit-Tisch<br \/>\n\u2713 Farb-Kartenplotter<br \/>\n\u2713 Deckdusche<br \/>\n\u2713 Beiboot[\/vc_column_text][\/vc_column][vc_column width=&#8220;1\/4&#8243;][vc_column_text uncode_shortcode_id=&#8220;115521&#8243;]\u2713 Tauchmaske<br \/>\n\u2713 Elektrische Bilgenpumpe<br \/>\n\u2713 Elektrischer K\u00fchlschrank<br \/>\n\u2713 Elektrische Ankerwinde<br \/>\n\u2713 Notpinne<br \/>\n\u2713 EPIRB<br \/>\n\u2713 Ventilator(en)<br \/>\n\u2713 Erste-Hilfe-Kasten<br \/>\n\u2713 Flaggen QNC<br \/>\n\u2713 Flossen<br \/>\n\u2713 Schwimmleuchte<br \/>\n\u2713 K\u00fcchenausstattung<br \/>\n\u2713 Gasflasche<br \/>\n\u2713 GMDSS[\/vc_column_text][\/vc_column][vc_column width=&#8220;1\/4&#8243;][vc_column_text uncode_shortcode_id=&#8220;420563&#8243;]\u2713 GPS-Kartenplotter<br \/>\n\u2713 Handpeilkompass<br \/>\n\u2713 Heizung<br \/>\n\u2713 F\u00e4kalientank<br \/>\n\u2713 Hufeisenboje<br \/>\n\u2713 Warmwasser<br \/>\n\u2713 Aufblasbare Rettungsinsel<br \/>\n\u2713 IOR-Dan-Boje<br \/>\n\u2713 Schwimmwesten<br \/>\n\u2713 Hauptkompass<br \/>\n\u2713 Navigationslichter<br \/>\n\u2713 Au\u00dfenbordmotor<br \/>\n\u2713 Backofen<br \/>\n\u2713 Plotter[\/vc_column_text][\/vc_column][vc_column width=&#8220;1\/4&#8243;][vc_column_text uncode_shortcode_id=&#8220;208921&#8243;]\u2713 Radio-MP3-Player<br \/>\n\u2713 Sicherheitsgurte<br \/>\n\u2713 Segelreparaturset<br \/>\n\u2713 Seanker<br \/>\n\u2713 Seekarten<br \/>\n\u2713 Landstromkabel<br \/>\n\u2713 Solarpanel: 2 flexibel 100 W<br \/>\n\u2713 Sprayhood<br \/>\n\u2713 Teak-Cockpit<br \/>\n\u2713 Werkzeuge<br \/>\n\u2713 Taschenlampe<br \/>\n\u2713 UKW<br \/>\n\u2713 Windgeschwindigkeit<br \/>\n\u2713 Windex[\/vc_column_text][\/vc_column][\/vc_row][vc_row][vc_column width=&#8220;1\/3&#8243;][vc_custom_heading text_font=&#8220;font-126119&#8243; text_weight=&#8220;200&#8243; uncode_shortcode_id=&#8220;130426&#8243;]Sonstige[\/vc_custom_heading][vc_column_text uncode_shortcode_id=&#8220;190753&#8243;]\u2713 Bugstrahlruder (2026)<br \/>\n\u2713 Ankerfernbedienung (2025)<br \/>\n\u2713 Elektrische Winde am Gro\u00dfsegel<br \/>\n\u2713 Klappbares Steuerrad[\/vc_column_text][\/vc_column][vc_column width=&#8220;1\/3&#8243;][\/vc_column][vc_column width=&#8220;1\/3&#8243;][\/vc_column][\/vc_row]<\/p>\n<\/div>","protected":false},"excerpt":{"rendered":"<p>[vc_row unlock_row_content=&#8220;yes&#8220; row_height_percent=&#8220;0&#8243; override_padding=&#8220;yes&#8220; h_padding=&#8220;0&#8243; top_padding=&#8220;0&#8243; bottom_padding=&#8220;0&#8243; overlay_alpha=&#8220;50&#8243; gutter_size=&#8220;3&#8243; column_width_percent=&#8220;100&#8243; shift_y=&#8220;0&#8243; z_index=&#8220;0&#8243; auto_height_device=&#8220;yes&#8220; content_parallax=&#8220;0&#8243; uncode_shortcode_id=&#8220;187532&#8243; row_height_pixel=&#8220;400&#8243;][vc_column column_width_percent=&#8220;100&#8243; align_horizontal=&#8220;align_center&#8220; gutter_size=&#8220;0&#8243; override_padding=&#8220;yes&#8220; [&hellip;]<\/p>\n","protected":false},"author":1,"featured_media":0,"parent":147386,"menu_order":0,"comment_status":"closed","ping_status":"closed","template":"","meta":{"footnotes":""},"class_list":["post-147400","page","type-page","status-publish","hentry"],"yoast_head":"<!-- This site is optimized with the Yoast SEO plugin v27.4 - https:\/\/yoast.com\/product\/yoast-seo-wordpress\/ -->\n<title>Segelyacht Preveza \u2013 SY Thalassa im Ionischen Meer<\/title>\n<meta name=\"description\" content=\"Die Segelyacht SY Thalassa in Preveza: komfortabel, zuverl\u00e4ssig und ideal f\u00fcr T\u00f6rns im Ionischen Meer. Perfekt f\u00fcr entspannte Segelerlebnisse in Griechenland.\" \/>\n<meta name=\"robots\" content=\"index, follow, max-snippet:-1, max-image-preview:large, max-video-preview:-1\" \/>\n<link rel=\"canonical\" href=\"https:\/\/greecexperience.gr\/de\/die-segelyacht\/segelyacht-preveza\/\" \/>\n<meta property=\"og:locale\" content=\"de_DE\" \/>\n<meta property=\"og:type\" content=\"article\" \/>\n<meta property=\"og:title\" content=\"Segelyacht Preveza \u2013 SY Thalassa im Ionischen Meer\" \/>\n<meta property=\"og:description\" content=\"Die Segelyacht SY Thalassa in Preveza: komfortabel, zuverl\u00e4ssig und ideal f\u00fcr T\u00f6rns im Ionischen Meer. Perfekt f\u00fcr entspannte Segelerlebnisse in Griechenland.\" \/>\n<meta property=\"og:url\" content=\"https:\/\/greecexperience.gr\/de\/die-segelyacht\/segelyacht-preveza\/\" \/>\n<meta property=\"og:site_name\" content=\"G r e e c e X p e r i e n c e\" \/>\n<meta property=\"article:publisher\" content=\"https:\/\/www.facebook.com\/Mediteron\" \/>\n<meta property=\"article:modified_time\" content=\"2026-04-27T17:30:45+00:00\" \/>\n<meta name=\"twitter:card\" content=\"summary_large_image\" \/>\n<meta name=\"twitter:label1\" content=\"Gesch\u00e4tzte Lesezeit\" \/>\n\t<meta name=\"twitter:data1\" content=\"2\u00a0Minuten\" \/>\n<script type=\"application\/ld+json\" class=\"yoast-schema-graph\">{\"@context\":\"https:\\\/\\\/schema.org\",\"@graph\":[{\"@type\":\"WebPage\",\"@id\":\"https:\\\/\\\/greecexperience.gr\\\/de\\\/die-segelyacht\\\/segelyacht-preveza\\\/\",\"url\":\"https:\\\/\\\/greecexperience.gr\\\/de\\\/die-segelyacht\\\/segelyacht-preveza\\\/\",\"name\":\"Segelyacht Preveza \u2013 SY Thalassa im Ionischen Meer\",\"isPartOf\":{\"@id\":\"https:\\\/\\\/greecexperience.gr\\\/#website\"},\"datePublished\":\"2025-02-12T10:51:52+00:00\",\"dateModified\":\"2026-04-27T17:30:45+00:00\",\"description\":\"Die Segelyacht SY Thalassa in Preveza: komfortabel, zuverl\u00e4ssig und ideal f\u00fcr T\u00f6rns im Ionischen Meer. Perfekt f\u00fcr entspannte Segelerlebnisse in Griechenland.\",\"breadcrumb\":{\"@id\":\"https:\\\/\\\/greecexperience.gr\\\/de\\\/die-segelyacht\\\/segelyacht-preveza\\\/#breadcrumb\"},\"inLanguage\":\"de\",\"potentialAction\":[{\"@type\":\"ReadAction\",\"target\":[\"https:\\\/\\\/greecexperience.gr\\\/de\\\/die-segelyacht\\\/segelyacht-preveza\\\/\"]}]},{\"@type\":\"BreadcrumbList\",\"@id\":\"https:\\\/\\\/greecexperience.gr\\\/de\\\/die-segelyacht\\\/segelyacht-preveza\\\/#breadcrumb\",\"itemListElement\":[{\"@type\":\"ListItem\",\"position\":1,\"name\":\"Home\",\"item\":\"https:\\\/\\\/greecexperience.gr\\\/de\\\/\"},{\"@type\":\"ListItem\",\"position\":2,\"name\":\"Die Segelyacht\",\"item\":\"https:\\\/\\\/greecexperience.gr\\\/de\\\/die-segelyacht\\\/\"},{\"@type\":\"ListItem\",\"position\":3,\"name\":\"Bootsdetails\"}]},{\"@type\":\"WebSite\",\"@id\":\"https:\\\/\\\/greecexperience.gr\\\/#website\",\"url\":\"https:\\\/\\\/greecexperience.gr\\\/\",\"name\":\"G r e e c e X p e r i e n c e\",\"description\":\"Experience Greece by land and sea!\",\"publisher\":{\"@id\":\"https:\\\/\\\/greecexperience.gr\\\/#organization\"},\"potentialAction\":[{\"@type\":\"SearchAction\",\"target\":{\"@type\":\"EntryPoint\",\"urlTemplate\":\"https:\\\/\\\/greecexperience.gr\\\/?s={search_term_string}\"},\"query-input\":{\"@type\":\"PropertyValueSpecification\",\"valueRequired\":true,\"valueName\":\"search_term_string\"}}],\"inLanguage\":\"de\"},{\"@type\":\"Organization\",\"@id\":\"https:\\\/\\\/greecexperience.gr\\\/#organization\",\"name\":\"G r e e c e X p e r i e n c e\",\"url\":\"https:\\\/\\\/greecexperience.gr\\\/\",\"logo\":{\"@type\":\"ImageObject\",\"inLanguage\":\"de\",\"@id\":\"https:\\\/\\\/greecexperience.gr\\\/#\\\/schema\\\/logo\\\/image\\\/\",\"url\":\"https:\\\/\\\/greecexperience.gr\\\/wp-content\\\/uploads\\\/2025\\\/03\\\/logo-greecexperience.png\",\"contentUrl\":\"https:\\\/\\\/greecexperience.gr\\\/wp-content\\\/uploads\\\/2025\\\/03\\\/logo-greecexperience.png\",\"width\":500,\"height\":111,\"caption\":\"G r e e c e X p e r i e n c e\"},\"image\":{\"@id\":\"https:\\\/\\\/greecexperience.gr\\\/#\\\/schema\\\/logo\\\/image\\\/\"},\"sameAs\":[\"https:\\\/\\\/www.facebook.com\\\/Mediteron\",\"https:\\\/\\\/www.instagram.com\\\/mediteron_lifeandnature\"]}]}<\/script>\n<!-- \/ Yoast SEO plugin. -->","yoast_head_json":{"title":"Segelyacht Preveza \u2013 SY Thalassa im Ionischen Meer","description":"Die Segelyacht SY Thalassa in Preveza: komfortabel, zuverl\u00e4ssig und ideal f\u00fcr T\u00f6rns im Ionischen Meer. Perfekt f\u00fcr entspannte Segelerlebnisse in Griechenland.","robots":{"index":"index","follow":"follow","max-snippet":"max-snippet:-1","max-image-preview":"max-image-preview:large","max-video-preview":"max-video-preview:-1"},"canonical":"https:\/\/greecexperience.gr\/de\/die-segelyacht\/segelyacht-preveza\/","og_locale":"de_DE","og_type":"article","og_title":"Segelyacht Preveza \u2013 SY Thalassa im Ionischen Meer","og_description":"Die Segelyacht SY Thalassa in Preveza: komfortabel, zuverl\u00e4ssig und ideal f\u00fcr T\u00f6rns im Ionischen Meer. Perfekt f\u00fcr entspannte Segelerlebnisse in Griechenland.","og_url":"https:\/\/greecexperience.gr\/de\/die-segelyacht\/segelyacht-preveza\/","og_site_name":"G r e e c e X p e r i e n c e","article_publisher":"https:\/\/www.facebook.com\/Mediteron","article_modified_time":"2026-04-27T17:30:45+00:00","twitter_card":"summary_large_image","twitter_misc":{"Gesch\u00e4tzte Lesezeit":"2\u00a0Minuten"},"schema":{"@context":"https:\/\/schema.org","@graph":[{"@type":"WebPage","@id":"https:\/\/greecexperience.gr\/de\/die-segelyacht\/segelyacht-preveza\/","url":"https:\/\/greecexperience.gr\/de\/die-segelyacht\/segelyacht-preveza\/","name":"Segelyacht Preveza \u2013 SY Thalassa im Ionischen Meer","isPartOf":{"@id":"https:\/\/greecexperience.gr\/#website"},"datePublished":"2025-02-12T10:51:52+00:00","dateModified":"2026-04-27T17:30:45+00:00","description":"Die Segelyacht SY Thalassa in Preveza: komfortabel, zuverl\u00e4ssig und ideal f\u00fcr T\u00f6rns im Ionischen Meer. Perfekt f\u00fcr entspannte Segelerlebnisse in Griechenland.","breadcrumb":{"@id":"https:\/\/greecexperience.gr\/de\/die-segelyacht\/segelyacht-preveza\/#breadcrumb"},"inLanguage":"de","potentialAction":[{"@type":"ReadAction","target":["https:\/\/greecexperience.gr\/de\/die-segelyacht\/segelyacht-preveza\/"]}]},{"@type":"BreadcrumbList","@id":"https:\/\/greecexperience.gr\/de\/die-segelyacht\/segelyacht-preveza\/#breadcrumb","itemListElement":[{"@type":"ListItem","position":1,"name":"Home","item":"https:\/\/greecexperience.gr\/de\/"},{"@type":"ListItem","position":2,"name":"Die Segelyacht","item":"https:\/\/greecexperience.gr\/de\/die-segelyacht\/"},{"@type":"ListItem","position":3,"name":"Bootsdetails"}]},{"@type":"WebSite","@id":"https:\/\/greecexperience.gr\/#website","url":"https:\/\/greecexperience.gr\/","name":"G r e e c e X p e r i e n c e","description":"Experience Greece by land and sea!","publisher":{"@id":"https:\/\/greecexperience.gr\/#organization"},"potentialAction":[{"@type":"SearchAction","target":{"@type":"EntryPoint","urlTemplate":"https:\/\/greecexperience.gr\/?s={search_term_string}"},"query-input":{"@type":"PropertyValueSpecification","valueRequired":true,"valueName":"search_term_string"}}],"inLanguage":"de"},{"@type":"Organization","@id":"https:\/\/greecexperience.gr\/#organization","name":"G r e e c e X p e r i e n c e","url":"https:\/\/greecexperience.gr\/","logo":{"@type":"ImageObject","inLanguage":"de","@id":"https:\/\/greecexperience.gr\/#\/schema\/logo\/image\/","url":"https:\/\/greecexperience.gr\/wp-content\/uploads\/2025\/03\/logo-greecexperience.png","contentUrl":"https:\/\/greecexperience.gr\/wp-content\/uploads\/2025\/03\/logo-greecexperience.png","width":500,"height":111,"caption":"G r e e c e X p e r i e n c e"},"image":{"@id":"https:\/\/greecexperience.gr\/#\/schema\/logo\/image\/"},"sameAs":["https:\/\/www.facebook.com\/Mediteron","https:\/\/www.instagram.com\/mediteron_lifeandnature"]}]}},"_links":{"self":[{"href":"https:\/\/greecexperience.gr\/de\/wp-json\/wp\/v2\/pages\/147400","targetHints":{"allow":["GET"]}}],"collection":[{"href":"https:\/\/greecexperience.gr\/de\/wp-json\/wp\/v2\/pages"}],"about":[{"href":"https:\/\/greecexperience.gr\/de\/wp-json\/wp\/v2\/types\/page"}],"author":[{"embeddable":true,"href":"https:\/\/greecexperience.gr\/de\/wp-json\/wp\/v2\/users\/1"}],"replies":[{"embeddable":true,"href":"https:\/\/greecexperience.gr\/de\/wp-json\/wp\/v2\/comments?post=147400"}],"version-history":[{"count":3,"href":"https:\/\/greecexperience.gr\/de\/wp-json\/wp\/v2\/pages\/147400\/revisions"}],"predecessor-version":[{"id":148127,"href":"https:\/\/greecexperience.gr\/de\/wp-json\/wp\/v2\/pages\/147400\/revisions\/148127"}],"up":[{"embeddable":true,"href":"https:\/\/greecexperience.gr\/de\/wp-json\/wp\/v2\/pages\/147386"}],"wp:attachment":[{"href":"https:\/\/greecexperience.gr\/de\/wp-json\/wp\/v2\/media?parent=147400"}],"curies":[{"name":"wp","href":"https:\/\/api.w.org\/{rel}","templated":true}]}}