{"id":147449,"date":"2025-03-12T15:04:14","date_gmt":"2025-03-12T13:04:14","guid":{"rendered":"https:\/\/greecexperience.gr\/discover-with-us\/"},"modified":"2026-04-27T17:59:26","modified_gmt":"2026-04-27T15:59:26","slug":"griechenland-rundreise","status":"publish","type":"page","link":"https:\/\/greecexperience.gr\/de\/griechenland-rundreise\/","title":{"rendered":"Entdecken"},"content":{"rendered":"<div class=\"wpb-content-wrapper\"><p>[vc_row unlock_row_content=&#8220;yes&#8220; row_height_percent=&#8220;0&#8243; override_padding=&#8220;yes&#8220; h_padding=&#8220;0&#8243; top_padding=&#8220;0&#8243; bottom_padding=&#8220;0&#8243; overlay_alpha=&#8220;50&#8243; gutter_size=&#8220;3&#8243; column_width_percent=&#8220;100&#8243; shift_y=&#8220;0&#8243; z_index=&#8220;0&#8243; auto_height_device=&#8220;yes&#8220; content_parallax=&#8220;0&#8243; uncode_shortcode_id=&#8220;867774&#8243; row_height_pixel=&#8220;400&#8243;][vc_column column_width_percent=&#8220;100&#8243; align_horizontal=&#8220;align_center&#8220; gutter_size=&#8220;0&#8243; override_padding=&#8220;yes&#8220; column_padding=&#8220;0&#8243; back_image=&#8220;147352&#8243; back_repeat=&#8220;no-repeat&#8220; back_position=&#8220;center top&#8220; kburns=&#8220;yes&#8220; overlay_alpha=&#8220;50&#8243; shift_x=&#8220;0&#8243; shift_y=&#8220;0&#8243; shift_y_down=&#8220;0&#8243; z_index=&#8220;0&#8243; medium_width=&#8220;0&#8243; mobile_width=&#8220;0&#8243; width=&#8220;1\/1&#8243; uncode_shortcode_id=&#8220;841123&#8243; mobile_height=&#8220;400&#8243; css=&#8220;.vc_custom_1746360581703{padding-top: 250px !important;padding-bottom: 250px !important;}&#8220;][\/vc_column][\/vc_row][vc_row][vc_column width=&#8220;1\/1&#8243;][uncode_breadcrumbs text_lead=&#8220;small&#8220;][\/vc_column][\/vc_row][vc_row][vc_column width=&#8220;1\/2&#8243;][vc_column_text uncode_shortcode_id=&#8220;151205&#8243;]Lassen Sie sich von unseren sorgf\u00e4ltig geplanten Kleingruppenreisen zu den verborgenen Sch\u00e4tzen Griechenlands f\u00fchren. Entdecken Sie die Geheimtipps von Epirus im Nordwesten \u2013 eine Region voller wilder Landschaften und authentischer D\u00f6rfer. Besonders empfehlenswert in Kombination mit Korfu oder Lefkas. Entdecken Sie die kulturelle Vielfalt der Peloponnes, wo sich antike St\u00e4tten und idyllische K\u00fcsten harmonisch abwechseln.[\/vc_column_text][\/vc_column][vc_column width=&#8220;1\/2&#8243;][vc_column_text uncode_shortcode_id=&#8220;128558&#8243;]Jede unserer Rundreisen ist eine Einladung, Griechenland mit allen Sinnen zu erleben. Von der beeindruckenden Natur und der tiefen Geschichte bis hin zu den regionalen K\u00f6stlichkeiten. Natur, Kultur und Genuss verbinden sich zu einem einzigartigen Erlebnis. Lassen Sie den Tag entspannt ausklingen, probieren Sie authentische Spezialit\u00e4ten in rustikalen Tavernen und genie\u00dfen Sie die Gesellschaft der Griechen, die das Leben in seiner ganzen F\u00fclle sch\u00e4tzen.[\/vc_column_text][\/vc_column][\/vc_row][vc_row row_height_percent=&#8220;0&#8243; overlay_alpha=&#8220;50&#8243; gutter_size=&#8220;3&#8243; column_width_percent=&#8220;100&#8243; shift_y=&#8220;0&#8243; z_index=&#8220;0&#8243; content_parallax=&#8220;0&#8243; uncode_shortcode_id=&#8220;190904&#8243; back_color_type=&#8220;uncode-solid&#8220; back_color_solid=&#8220;#78b3e0&#8243;][vc_column width=&#8220;1\/1&#8243;][uncode_index el_id=&#8220;index-321233&#8243; index_type=&#8220;carousel&#8220; loop=&#8220;size:5|order_by:date|post_type:page|by_id:145944,145942|taxonomy_count:10&#8243; carousel_lg=&#8220;3&#8243; carousel_md=&#8220;3&#8243; carousel_sm=&#8220;1&#8243; thumb_size=&#8220;one-one&#8220; gutter_size=&#8220;2&#8243; carousel_height=&#8220;equal&#8220; carousel_interval=&#8220;3000&#8243; carousel_navspeed=&#8220;400&#8243; carousel_nav=&#8220;yes&#8220; carousel_nav_skin=&#8220;dark&#8220; stage_padding=&#8220;0&#8243; single_back_color=&#8220;color-734203&#8243; single_overlay_opacity=&#8220;50&#8243; single_h_align=&#8220;center&#8220; single_padding=&#8220;2&#8243; single_text_reduced=&#8220;yes&#8220; single_title_dimension=&#8220;custom&#8220; single_title_weight=&#8220;100&#8243; single_title_transform=&#8220;uppercase&#8220; single_title_space=&#8220;fontspace-210350&#8243; uncode_shortcode_id=&#8220;139977&#8243; heading_custom_size=&#8220;17&#8243;][vc_empty_space empty_h=&#8220;2&#8243;][\/vc_column][\/vc_row]<\/p>\n<\/div>","protected":false},"excerpt":{"rendered":"<p>[vc_row unlock_row_content=&#8220;yes&#8220; row_height_percent=&#8220;0&#8243; override_padding=&#8220;yes&#8220; h_padding=&#8220;0&#8243; top_padding=&#8220;0&#8243; bottom_padding=&#8220;0&#8243; overlay_alpha=&#8220;50&#8243; gutter_size=&#8220;3&#8243; column_width_percent=&#8220;100&#8243; shift_y=&#8220;0&#8243; z_index=&#8220;0&#8243; auto_height_device=&#8220;yes&#8220; content_parallax=&#8220;0&#8243; uncode_shortcode_id=&#8220;867774&#8243; row_height_pixel=&#8220;400&#8243;][vc_column column_width_percent=&#8220;100&#8243; align_horizontal=&#8220;align_center&#8220; gutter_size=&#8220;0&#8243; override_padding=&#8220;yes&#8220; [&hellip;]<\/p>\n","protected":false},"author":1,"featured_media":0,"parent":0,"menu_order":0,"comment_status":"closed","ping_status":"closed","template":"","meta":{"footnotes":""},"class_list":["post-147449","page","type-page","status-publish","hentry"],"yoast_head":"<!-- This site is optimized with the Yoast SEO plugin v27.4 - https:\/\/yoast.com\/product\/yoast-seo-wordpress\/ -->\n<title>Griechenland Rundreise \u2013 authentisch erleben | GreeceXperience<\/title>\n<meta name=\"description\" content=\"Griechenland Rundreise in kleiner Gruppe: authentisch erleben, entspannt reisen und verborgene Orte entdecken \u2013 abseits der bekannten Wege.\" \/>\n<meta name=\"robots\" content=\"index, follow, max-snippet:-1, max-image-preview:large, max-video-preview:-1\" \/>\n<link rel=\"canonical\" href=\"https:\/\/greecexperience.gr\/de\/griechenland-rundreise\/\" \/>\n<meta property=\"og:locale\" content=\"de_DE\" \/>\n<meta property=\"og:type\" content=\"article\" \/>\n<meta property=\"og:title\" content=\"Griechenland Rundreise \u2013 authentisch erleben | GreeceXperience\" \/>\n<meta property=\"og:description\" content=\"Griechenland Rundreise in kleiner Gruppe: authentisch erleben, entspannt reisen und verborgene Orte entdecken \u2013 abseits der bekannten Wege.\" \/>\n<meta property=\"og:url\" content=\"https:\/\/greecexperience.gr\/de\/griechenland-rundreise\/\" \/>\n<meta property=\"og:site_name\" content=\"G r e e c e X p e r i e n c e\" \/>\n<meta property=\"article:publisher\" content=\"https:\/\/www.facebook.com\/Mediteron\" \/>\n<meta property=\"article:modified_time\" content=\"2026-04-27T15:59:26+00:00\" \/>\n<meta name=\"twitter:card\" content=\"summary_large_image\" \/>\n<meta name=\"twitter:label1\" content=\"Gesch\u00e4tzte Lesezeit\" \/>\n\t<meta name=\"twitter:data1\" content=\"1\u00a0Minute\" \/>\n<script type=\"application\/ld+json\" class=\"yoast-schema-graph\">{\"@context\":\"https:\\\/\\\/schema.org\",\"@graph\":[{\"@type\":\"WebPage\",\"@id\":\"https:\\\/\\\/greecexperience.gr\\\/de\\\/griechenland-rundreise\\\/\",\"url\":\"https:\\\/\\\/greecexperience.gr\\\/de\\\/griechenland-rundreise\\\/\",\"name\":\"Griechenland Rundreise \u2013 authentisch erleben | GreeceXperience\",\"isPartOf\":{\"@id\":\"https:\\\/\\\/greecexperience.gr\\\/#website\"},\"datePublished\":\"2025-03-12T13:04:14+00:00\",\"dateModified\":\"2026-04-27T15:59:26+00:00\",\"description\":\"Griechenland Rundreise in kleiner Gruppe: authentisch erleben, entspannt reisen und verborgene Orte entdecken \u2013 abseits der bekannten Wege.\",\"breadcrumb\":{\"@id\":\"https:\\\/\\\/greecexperience.gr\\\/de\\\/griechenland-rundreise\\\/#breadcrumb\"},\"inLanguage\":\"de\",\"potentialAction\":[{\"@type\":\"ReadAction\",\"target\":[\"https:\\\/\\\/greecexperience.gr\\\/de\\\/griechenland-rundreise\\\/\"]}]},{\"@type\":\"BreadcrumbList\",\"@id\":\"https:\\\/\\\/greecexperience.gr\\\/de\\\/griechenland-rundreise\\\/#breadcrumb\",\"itemListElement\":[{\"@type\":\"ListItem\",\"position\":1,\"name\":\"Home\",\"item\":\"https:\\\/\\\/greecexperience.gr\\\/de\\\/\"},{\"@type\":\"ListItem\",\"position\":2,\"name\":\"Entdecken\"}]},{\"@type\":\"WebSite\",\"@id\":\"https:\\\/\\\/greecexperience.gr\\\/#website\",\"url\":\"https:\\\/\\\/greecexperience.gr\\\/\",\"name\":\"G r e e c e X p e r i e n c e\",\"description\":\"Experience Greece by land and sea!\",\"publisher\":{\"@id\":\"https:\\\/\\\/greecexperience.gr\\\/#organization\"},\"potentialAction\":[{\"@type\":\"SearchAction\",\"target\":{\"@type\":\"EntryPoint\",\"urlTemplate\":\"https:\\\/\\\/greecexperience.gr\\\/?s={search_term_string}\"},\"query-input\":{\"@type\":\"PropertyValueSpecification\",\"valueRequired\":true,\"valueName\":\"search_term_string\"}}],\"inLanguage\":\"de\"},{\"@type\":\"Organization\",\"@id\":\"https:\\\/\\\/greecexperience.gr\\\/#organization\",\"name\":\"G r e e c e X p e r i e n c e\",\"url\":\"https:\\\/\\\/greecexperience.gr\\\/\",\"logo\":{\"@type\":\"ImageObject\",\"inLanguage\":\"de\",\"@id\":\"https:\\\/\\\/greecexperience.gr\\\/#\\\/schema\\\/logo\\\/image\\\/\",\"url\":\"https:\\\/\\\/greecexperience.gr\\\/wp-content\\\/uploads\\\/2025\\\/03\\\/logo-greecexperience.png\",\"contentUrl\":\"https:\\\/\\\/greecexperience.gr\\\/wp-content\\\/uploads\\\/2025\\\/03\\\/logo-greecexperience.png\",\"width\":500,\"height\":111,\"caption\":\"G r e e c e X p e r i e n c e\"},\"image\":{\"@id\":\"https:\\\/\\\/greecexperience.gr\\\/#\\\/schema\\\/logo\\\/image\\\/\"},\"sameAs\":[\"https:\\\/\\\/www.facebook.com\\\/Mediteron\",\"https:\\\/\\\/www.instagram.com\\\/mediteron_lifeandnature\"]}]}<\/script>\n<!-- \/ Yoast SEO plugin. -->","yoast_head_json":{"title":"Griechenland Rundreise \u2013 authentisch erleben | GreeceXperience","description":"Griechenland Rundreise in kleiner Gruppe: authentisch erleben, entspannt reisen und verborgene Orte entdecken \u2013 abseits der bekannten Wege.","robots":{"index":"index","follow":"follow","max-snippet":"max-snippet:-1","max-image-preview":"max-image-preview:large","max-video-preview":"max-video-preview:-1"},"canonical":"https:\/\/greecexperience.gr\/de\/griechenland-rundreise\/","og_locale":"de_DE","og_type":"article","og_title":"Griechenland Rundreise \u2013 authentisch erleben | GreeceXperience","og_description":"Griechenland Rundreise in kleiner Gruppe: authentisch erleben, entspannt reisen und verborgene Orte entdecken \u2013 abseits der bekannten Wege.","og_url":"https:\/\/greecexperience.gr\/de\/griechenland-rundreise\/","og_site_name":"G r e e c e X p e r i e n c e","article_publisher":"https:\/\/www.facebook.com\/Mediteron","article_modified_time":"2026-04-27T15:59:26+00:00","twitter_card":"summary_large_image","twitter_misc":{"Gesch\u00e4tzte Lesezeit":"1\u00a0Minute"},"schema":{"@context":"https:\/\/schema.org","@graph":[{"@type":"WebPage","@id":"https:\/\/greecexperience.gr\/de\/griechenland-rundreise\/","url":"https:\/\/greecexperience.gr\/de\/griechenland-rundreise\/","name":"Griechenland Rundreise \u2013 authentisch erleben | GreeceXperience","isPartOf":{"@id":"https:\/\/greecexperience.gr\/#website"},"datePublished":"2025-03-12T13:04:14+00:00","dateModified":"2026-04-27T15:59:26+00:00","description":"Griechenland Rundreise in kleiner Gruppe: authentisch erleben, entspannt reisen und verborgene Orte entdecken \u2013 abseits der bekannten Wege.","breadcrumb":{"@id":"https:\/\/greecexperience.gr\/de\/griechenland-rundreise\/#breadcrumb"},"inLanguage":"de","potentialAction":[{"@type":"ReadAction","target":["https:\/\/greecexperience.gr\/de\/griechenland-rundreise\/"]}]},{"@type":"BreadcrumbList","@id":"https:\/\/greecexperience.gr\/de\/griechenland-rundreise\/#breadcrumb","itemListElement":[{"@type":"ListItem","position":1,"name":"Home","item":"https:\/\/greecexperience.gr\/de\/"},{"@type":"ListItem","position":2,"name":"Entdecken"}]},{"@type":"WebSite","@id":"https:\/\/greecexperience.gr\/#website","url":"https:\/\/greecexperience.gr\/","name":"G r e e c e X p e r i e n c e","description":"Experience Greece by land and sea!","publisher":{"@id":"https:\/\/greecexperience.gr\/#organization"},"potentialAction":[{"@type":"SearchAction","target":{"@type":"EntryPoint","urlTemplate":"https:\/\/greecexperience.gr\/?s={search_term_string}"},"query-input":{"@type":"PropertyValueSpecification","valueRequired":true,"valueName":"search_term_string"}}],"inLanguage":"de"},{"@type":"Organization","@id":"https:\/\/greecexperience.gr\/#organization","name":"G r e e c e X p e r i e n c e","url":"https:\/\/greecexperience.gr\/","logo":{"@type":"ImageObject","inLanguage":"de","@id":"https:\/\/greecexperience.gr\/#\/schema\/logo\/image\/","url":"https:\/\/greecexperience.gr\/wp-content\/uploads\/2025\/03\/logo-greecexperience.png","contentUrl":"https:\/\/greecexperience.gr\/wp-content\/uploads\/2025\/03\/logo-greecexperience.png","width":500,"height":111,"caption":"G r e e c e X p e r i e n c e"},"image":{"@id":"https:\/\/greecexperience.gr\/#\/schema\/logo\/image\/"},"sameAs":["https:\/\/www.facebook.com\/Mediteron","https:\/\/www.instagram.com\/mediteron_lifeandnature"]}]}},"_links":{"self":[{"href":"https:\/\/greecexperience.gr\/de\/wp-json\/wp\/v2\/pages\/147449","targetHints":{"allow":["GET"]}}],"collection":[{"href":"https:\/\/greecexperience.gr\/de\/wp-json\/wp\/v2\/pages"}],"about":[{"href":"https:\/\/greecexperience.gr\/de\/wp-json\/wp\/v2\/types\/page"}],"author":[{"embeddable":true,"href":"https:\/\/greecexperience.gr\/de\/wp-json\/wp\/v2\/users\/1"}],"replies":[{"embeddable":true,"href":"https:\/\/greecexperience.gr\/de\/wp-json\/wp\/v2\/comments?post=147449"}],"version-history":[{"count":1,"href":"https:\/\/greecexperience.gr\/de\/wp-json\/wp\/v2\/pages\/147449\/revisions"}],"predecessor-version":[{"id":148116,"href":"https:\/\/greecexperience.gr\/de\/wp-json\/wp\/v2\/pages\/147449\/revisions\/148116"}],"wp:attachment":[{"href":"https:\/\/greecexperience.gr\/de\/wp-json\/wp\/v2\/media?parent=147449"}],"curies":[{"name":"wp","href":"https:\/\/api.w.org\/{rel}","templated":true}]}}