{"id":147465,"date":"2024-12-17T11:55:34","date_gmt":"2024-12-17T09:55:34","guid":{"rendered":"https:\/\/greecexperience.gr\/contact\/"},"modified":"2025-05-14T08:40:16","modified_gmt":"2025-05-14T06:40:16","slug":"kontakt","status":"publish","type":"page","link":"https:\/\/greecexperience.gr\/de\/kontakt\/","title":{"rendered":"Kontakt"},"content":{"rendered":"<div class=\"wpb-content-wrapper\"><p>[vc_row unlock_row_content=&#8220;yes&#8220; row_height_percent=&#8220;0&#8243; override_padding=&#8220;yes&#8220; h_padding=&#8220;0&#8243; top_padding=&#8220;0&#8243; bottom_padding=&#8220;0&#8243; overlay_alpha=&#8220;50&#8243; gutter_size=&#8220;3&#8243; column_width_percent=&#8220;100&#8243; shift_y=&#8220;0&#8243; z_index=&#8220;0&#8243; auto_height_device=&#8220;yes&#8220; content_parallax=&#8220;0&#8243; uncode_shortcode_id=&#8220;194633&#8243; row_height_pixel=&#8220;400&#8243;][vc_column column_width_percent=&#8220;100&#8243; align_horizontal=&#8220;align_center&#8220; gutter_size=&#8220;0&#8243; override_padding=&#8220;yes&#8220; column_padding=&#8220;0&#8243; back_image=&#8220;146513&#8243; back_repeat=&#8220;no-repeat&#8220; back_position=&#8220;center center&#8220; kburns=&#8220;yes&#8220; overlay_alpha=&#8220;50&#8243; shift_x=&#8220;0&#8243; shift_y=&#8220;0&#8243; shift_y_down=&#8220;0&#8243; z_index=&#8220;0&#8243; medium_width=&#8220;0&#8243; mobile_width=&#8220;0&#8243; width=&#8220;1\/1&#8243; uncode_shortcode_id=&#8220;130302&#8243; mobile_height=&#8220;400&#8243; css=&#8220;.vc_custom_1746360919879{padding-top: 250px !important;padding-bottom: 250px !important;}&#8220;][\/vc_column][\/vc_row][vc_row row_height_percent=&#8220;0&#8243; override_padding=&#8220;yes&#8220; h_padding=&#8220;2&#8243; top_padding=&#8220;0&#8243; bottom_padding=&#8220;3&#8243; overlay_alpha=&#8220;50&#8243; gutter_size=&#8220;3&#8243; column_width_percent=&#8220;100&#8243; shift_y=&#8220;0&#8243; z_index=&#8220;0&#8243; content_parallax=&#8220;0&#8243; uncode_shortcode_id=&#8220;137221&#8243; css=&#8220;.vc_custom_1743847131840{padding-top: 52px !important;}&#8220;][vc_column column_width_percent=&#8220;100&#8243; gutter_size=&#8220;2&#8243; override_padding=&#8220;yes&#8220; column_padding=&#8220;1&#8243; overlay_alpha=&#8220;50&#8243; shift_x=&#8220;0&#8243; shift_y=&#8220;0&#8243; shift_y_down=&#8220;0&#8243; z_index=&#8220;0&#8243; medium_width=&#8220;0&#8243; mobile_width=&#8220;0&#8243; width=&#8220;1\/2&#8243; uncode_shortcode_id=&#8220;361651&#8243;][vc_column_text uncode_shortcode_id=&#8220;762335&#8243;]<strong>Dimitrios G. Margonis<\/strong><br \/>\n<strong>GREECE<\/strong>XPERIENCE[\/vc_column_text][vc_column_text uncode_shortcode_id=&#8220;112958&#8243;]Telefon <a href=\"tel:+306980622444\">+30 698 0622444<\/a> | <a href=\"tel:+30 2681121423\">+30 26811 21423<\/a><br \/>\nE-mail <a href=\"mailto:margonis@mindwork.com.gr\">margonis@mindwork.com.gr<\/a><br \/>\nReg. B\u00fcro: Gouriana Agnanton, 47043 Arta<br \/>\nUmsatzsteuer-ID: EL168577503[\/vc_column_text][vc_empty_space empty_h=&#8220;2&#8243;][vc_custom_heading text_font=&#8220;font-126119&#8243; text_weight=&#8220;200&#8243; uncode_shortcode_id=&#8220;109669&#8243;]Standort des Bootes[\/vc_custom_heading][vc_column_text uncode_shortcode_id=&#8220;152288&#8243;]St\u00e4dtischer Hafen von Preveza<br \/>\n48100 Preveza<br \/>\nRegion: Epirus[\/vc_column_text][vc_column_text uncode_shortcode_id=&#8220;566871&#8243;]<span style=\"text-decoration: underline;\"><a href=\"https:\/\/maps.app.goo.gl\/dNDWgGmMmBwSAePx8\" target=\"_blank\" rel=\"noopener\">GPS 38\u00b0 57,462&#8242; N 020\u00b0 45,357&#8242; E<\/a><\/span>[\/vc_column_text][vc_empty_space empty_h=&#8220;2&#8243;]<div class=\"wpforms-container wpforms-container-full\" id=\"wpforms-147469\"><form id=\"wpforms-form-147469\" class=\"wpforms-validate wpforms-form wpforms-ajax-form\" data-formid=\"147469\" method=\"post\" enctype=\"multipart\/form-data\" action=\"\/de\/wp-json\/wp\/v2\/pages\/147465\" data-token=\"fd23e4292779c4b5c2fd5080b9274961\"><noscript class=\"wpforms-error-noscript\">Bitte aktiviere JavaScript in deinem Browser, um dieses Formular fertigzustellen.<\/noscript><div class=\"wpforms-field-container\"><div id=\"wpforms-147469-field_1-container\" class=\"wpforms-field wpforms-field-name\" data-field-id=\"1\"><label class=\"wpforms-field-label\" for=\"wpforms-147469-field_1\">Name <span class=\"wpforms-required-label\">*<\/span><\/label><div class=\"wpforms-field-row wpforms-field-large\"><div class=\"wpforms-field-row-block wpforms-first wpforms-one-half\"><input type=\"text\" id=\"wpforms-147469-field_1\" class=\"wpforms-field-name-first wpforms-field-required\" name=\"wpforms[fields][1][first]\" required><label for=\"wpforms-147469-field_1\" class=\"wpforms-field-sublabel after \">Name<\/label><\/div><div class=\"wpforms-field-row-block wpforms-one-half\"><input type=\"text\" id=\"wpforms-147469-field_1-last\" class=\"wpforms-field-name-last wpforms-field-required\" name=\"wpforms[fields][1][last]\" required><label for=\"wpforms-147469-field_1-last\" class=\"wpforms-field-sublabel after \">Vorname<\/label><\/div><\/div><\/div><div id=\"wpforms-147469-field_6-container\" class=\"wpforms-field wpforms-field-layout\" data-field-id=\"6\"><label class=\"wpforms-field-label wpforms-label-hide\" for=\"wpforms-147469-field_6\">Layout<\/label><div class=\"wpforms-field-layout-columns wpforms-field-layout-preset-50-50\"><div class=\"wpforms-layout-column wpforms-layout-column-50\"><div id=\"wpforms-147469-field_12-container\" class=\"wpforms-field wpforms-field-email\" data-field-id=\"12\"><label class=\"wpforms-field-label\" for=\"wpforms-147469-field_12\">Email <span class=\"wpforms-required-label\">*<\/span><\/label><input type=\"email\" id=\"wpforms-147469-field_12\" class=\"wpforms-field-medium wpforms-field-required\" name=\"wpforms[fields][12]\" required><\/div><\/div><div class=\"wpforms-layout-column wpforms-layout-column-50\"><div id=\"wpforms-147469-field_13-container\" class=\"wpforms-field wpforms-field-number\" data-field-id=\"13\"><label class=\"wpforms-field-label\" for=\"wpforms-147469-field_13\">Telefon <span class=\"wpforms-required-label\">*<\/span><\/label><input type=\"number\" pattern=\"\\d*\" id=\"wpforms-147469-field_13\" class=\"wpforms-field-medium wpforms-field-required\" name=\"wpforms[fields][13]\" required><\/div><\/div><\/div><\/div><div id=\"wpforms-147469-field_17-container\" class=\"wpforms-field wpforms-field-select wpforms-field-select-style-classic\" data-field-id=\"17\"><label class=\"wpforms-field-label\" for=\"wpforms-147469-field_17\">W\u00e4hlen Sie Ihre Reise!<\/label><select id=\"wpforms-147469-field_17\" class=\"wpforms-field-large\" name=\"wpforms[fields][17]\"><option value=\"\" class=\"placeholder\" disabled  selected='selected'>W\u00e4hlen Sie Ihre Reise!<\/option><option value=\"In Richtung der s\u00fcdlichen Ionischen Inseln!\" >In Richtung der s\u00fcdlichen Ionischen Inseln!<\/option><option value=\"Entdecken Sie die n\u00f6rdlichen Ionischen Inseln und die Westk\u00fcste\" >Entdecken Sie die n\u00f6rdlichen Ionischen Inseln und die Westk\u00fcste<\/option><option value=\"Ein unvergessliches 10-t\u00e4giges Segelabenteuer\" >Ein unvergessliches 10-t\u00e4giges Segelabenteuer<\/option><option value=\"Athen &amp; Peloponnes \u2013 eine Reise durch Zeit und Kultur\" >Athen &amp; Peloponnes \u2013 eine Reise durch Zeit und Kultur<\/option><option value=\"Epirus, Meteora &amp; Lefkas \u2013 versteckte Juwelen Griechenlands\" >Epirus, Meteora &amp; Lefkas \u2013 versteckte Juwelen Griechenlands<\/option><\/select><\/div><div id=\"wpforms-147469-field_18-container\" class=\"wpforms-field wpforms-field-textarea\" data-field-id=\"18\"><label class=\"wpforms-field-label\" for=\"wpforms-147469-field_18\">Nachricht<\/label><textarea id=\"wpforms-147469-field_18\" class=\"wpforms-field-medium\" name=\"wpforms[fields][18]\" ><\/textarea><\/div><\/div><div class=\"wpforms-submit-container\"><input type=\"hidden\" name=\"wpforms[id]\" value=\"147469\"><input type=\"hidden\" name=\"wpforms[author]\" value=\"1\"><button type=\"submit\" name=\"wpforms[submit]\" id=\"wpforms-submit-147469\" class=\"wpforms-submit\" data-alt-text=\"...\" data-submit-text=\"Senden\" aria-live=\"assertive\" value=\"wpforms-submit\">Senden<\/button><img decoding=\"async\" src=\"https:\/\/greecexperience.gr\/wp-content\/plugins\/wpforms\/assets\/images\/submit-spin.svg\" class=\"wpforms-submit-spinner\" style=\"display: none;\" width=\"26\" height=\"26\" alt=\"Wird geladen\"><\/div><\/form><\/div>  <!-- .wpforms-container -->[\/vc_column][vc_column width=&#8220;1\/2&#8243;][vc_column_text uncode_shortcode_id=&#8220;205917&#8243;]<div id=\"wpgmza_map\" class=\"wpgmza_map\" data-settings='{\"id\":\"1\",\"map_title\":\"Contact page map\",\"map_width\":\"100\",\"map_height\":\"400\",\"map_start_lat\":\"38.95769999999999\",\"map_start_lng\":\"20.75595\",\"map_start_location\":\"45.950464398418106,-109.81550500000003\",\"map_start_zoom\":\"14\",\"default_marker\":\"\",\"type\":\"1\",\"alignment\":\"4\",\"directions_enabled\":\"0\",\"styling_enabled\":\"0\",\"styling_json\":\"\",\"active\":\"0\",\"kml\":\"\",\"bicycle\":\"0\",\"traffic\":\"0\",\"dbox\":\"0\",\"dbox_width\":\"\",\"listmarkers\":\"0\",\"listmarkers_advanced\":\"0\",\"filterbycat\":\"0\",\"ugm_enabled\":\"0\",\"ugm_category_enabled\":\"0\",\"fusion\":\"\",\"map_width_type\":\"%\",\"map_height_type\":\"px\",\"mass_marker_support\":\"0\",\"ugm_access\":\"0\",\"order_markers_by\":\"0\",\"order_markers_choice\":\"0\",\"show_user_location\":\"0\",\"default_to\":\"\",\"other_settings\":{\"map_type\":1,\"sl_stroke_color\":\"\",\"sl_fill_color\":\"\",\"sl_stroke_opacity\":\"\",\"sl_fill_opacity\":\"\",\"transport_layer\":false,\"action\":\"wpgmza_save_map\",\"redirect_to\":\"\\\/wp-admin\\\/admin-post.php\",\"map_id\":\"1\",\"http_referer\":\"\\\/wp-admin\\\/admin.php?page=wp-google-maps-menu&amp;amp;action=edit&amp;amp;map_id=1\",\"wpgmza_id\":\"1\",\"wpgmza_start_location\":\"38.95769999999999,20.75595\",\"wpgmza_start_zoom\":\"4\",\"wpgmza_theme_data\":\"\",\"store_locator_enabled\":false,\"store_locator_search_area\":\"radial\",\"wpgmza_store_locator_radius_style\":\"legacy\",\"wpgmza_store_locator_default_radius\":\"10\",\"store_locator_auto_area_max_zoom\":\"\",\"store_locator_distance\":false,\"wpgmza_store_locator_position\":false,\"store_locator_show_distance\":false,\"store_locator_category\":false,\"wpgmza_store_locator_use_their_location\":false,\"wpgmza_store_locator_bounce\":false,\"wpgmza_sl_animation\":null,\"wpgmza_store_locator_hide_before_search\":false,\"store_locator_query_string\":\"\",\"store_locator_location_placeholder\":\"\",\"store_locator_default_address\":\"\",\"store_locator_name_search\":false,\"store_locator_name_string\":\"\",\"store_locator_not_found_message\":\"\",\"wpgmza_map_align\":\"1\",\"jump_to_nearest_marker_on_initialization\":false,\"automatically_pan_to_users_location\":false,\"override_users_location_zoom_level\":false,\"override_users_location_zoom_levels\":\"\",\"show_distance_from_location\":false,\"map_max_zoom\":\"21\",\"map_min_zoom\":\"0\",\"click_open_link\":false,\"fit_maps_bounds_to_markers\":false,\"fit_maps_bounds_to_markers_after_filtering\":false,\"hide_point_of_interest\":false,\"wpgmza_zoom_on_marker_click\":false,\"wpgmza_zoom_on_marker_click_slider\":\"\",\"close_infowindow_on_map_click\":false,\"disable_lightbox_images\":false,\"use_Raw_Jpeg_Coordinates\":false,\"polygon_labels\":false,\"disable_polygon_info_windows\":false,\"enable_marker_ratings\":false,\"enable_marker_labels\":false,\"only_load_markers_within_viewport\":false,\"zoom_level_mobile_override_enabled\":false,\"zoom_level_mobile_override\":\"\",\"iw_primary_color\":\"#000000\",\"iw_accent_color\":\"#000000\",\"iw_text_color\":\"#000000\",\"wpgmza_listmarkers_by\":\"0\",\"wpgmza_marker_listing_position\":false,\"wpgmza_push_in_map\":false,\"wpgmza_push_in_map_placement\":null,\"wpgmza_push_in_map_width\":\"\",\"wpgmza_push_in_map_height\":\"\",\"zoom_level_on_marker_listing_override\":false,\"zoom_level_on_marker_listing_click\":\"\",\"marker_listing_disable_zoom\":false,\"datatable_no_result_message\":\"\",\"remove_search_box_datables\":false,\"dataTable_pagination_style\":null,\"datatable_search_string\":\"\",\"datatable_result_start\":\"\",\"datatable_result_of\":\"\",\"datatable_result_to\":\"\",\"datatable_result_total\":\"\",\"datatable_result_show\":\"\",\"datatable_result_entries\":\"\",\"wpgmza_savemap\":\"Save Map \\u00bb\"}}' data-map-id='1' Data-maps-engine='open-layers' data-shortcode-attributes='{\"id\":\"1\"}' style=\"display:block; overflow:auto; width:100%; height:400px; float:left;\"><\/div>[\/vc_column_text][vc_custom_heading text_font=&#8220;font-126119&#8243; text_weight=&#8220;200&#8243; uncode_shortcode_id=&#8220;198289&#8243;]Wir sind f\u00fcr Sie da[\/vc_custom_heading][vc_column_text uncode_shortcode_id=&#8220;485067&#8243;]Wir sind f\u00fcr Sie da! Wir k\u00fcmmern uns um die Formalit\u00e4ten f\u00fcr Sie. Die offiziell genehmigten Chartervertr\u00e4ge liegen bei Ankunft der Charterg\u00e4ste bereits vor. Das Segelboot f\u00e4hrt unter griechischer Flagge und ist gem\u00e4\u00df den strengen Anforderungen des griechischen Seerechts Nr. 438 ausgestattet. Taxitransfer vom Flughafen Preveza auf Anfrage.[\/vc_column_text][vc_custom_heading text_font=&#8220;font-126119&#8243; text_weight=&#8220;200&#8243; uncode_shortcode_id=&#8220;854598&#8243;]Und wie kann ich Ihnen helfen?[\/vc_custom_heading][vc_column_text uncode_shortcode_id=&#8220;418684&#8243;]Stellen Sie eine unverbindliche Anfrage und wir erstellen Ihnen gerne ein individuelles Angebot, das auf Ihre Bed\u00fcrfnisse zugeschnitten ist. Auf Wunsch stellen wir Ihnen auch einen erfahrenen Skipper zur Verf\u00fcgung, der die Hotspots und die Gegend kennt. Auf Wunsch holt Sie ein Taxi vom Flughafen ab und bringt Sie in 10 Minuten direkt zum Boot. Ein gef\u00fcllter K\u00fchlschrank erwartet Sie, wenn Sie uns eine Wunschliste f\u00fcr die Verpflegung schicken![\/vc_column_text][\/vc_column][\/vc_row]<\/p>\n<\/div>","protected":false},"excerpt":{"rendered":"<p>[vc_row unlock_row_content=&#8220;yes&#8220; row_height_percent=&#8220;0&#8243; override_padding=&#8220;yes&#8220; h_padding=&#8220;0&#8243; top_padding=&#8220;0&#8243; bottom_padding=&#8220;0&#8243; overlay_alpha=&#8220;50&#8243; gutter_size=&#8220;3&#8243; column_width_percent=&#8220;100&#8243; shift_y=&#8220;0&#8243; z_index=&#8220;0&#8243; auto_height_device=&#8220;yes&#8220; content_parallax=&#8220;0&#8243; uncode_shortcode_id=&#8220;194633&#8243; row_height_pixel=&#8220;400&#8243;][vc_column column_width_percent=&#8220;100&#8243; align_horizontal=&#8220;align_center&#8220; gutter_size=&#8220;0&#8243; override_padding=&#8220;yes&#8220; [&hellip;]<\/p>\n","protected":false},"author":1,"featured_media":0,"parent":0,"menu_order":0,"comment_status":"closed","ping_status":"closed","template":"","meta":{"footnotes":""},"class_list":["post-147465","page","type-page","status-publish","hentry"],"yoast_head":"<!-- This site is optimized with the Yoast SEO plugin v27.4 - https:\/\/yoast.com\/product\/yoast-seo-wordpress\/ -->\n<title>Kontakt - G r e e c e X p e r i e n c e<\/title>\n<meta name=\"description\" content=\"Dimitrios G. Margonis, GREECEXPERIENCE, telefon +30 698 0622444 | +30 26811 21423, email margonis@mindwork.com.gr\" \/>\n<meta name=\"robots\" content=\"index, follow, max-snippet:-1, max-image-preview:large, max-video-preview:-1\" \/>\n<link rel=\"canonical\" href=\"https:\/\/greecexperience.gr\/de\/kontakt\/\" \/>\n<meta property=\"og:locale\" content=\"de_DE\" \/>\n<meta property=\"og:type\" content=\"article\" \/>\n<meta property=\"og:title\" content=\"Kontakt - G r e e c e X p e r i e n c e\" \/>\n<meta property=\"og:description\" content=\"Dimitrios G. Margonis, GREECEXPERIENCE, telefon +30 698 0622444 | +30 26811 21423, email margonis@mindwork.com.gr\" \/>\n<meta property=\"og:url\" content=\"https:\/\/greecexperience.gr\/de\/kontakt\/\" \/>\n<meta property=\"og:site_name\" content=\"G r e e c e X p e r i e n c e\" \/>\n<meta property=\"article:publisher\" content=\"https:\/\/www.facebook.com\/Mediteron\" \/>\n<meta property=\"article:modified_time\" content=\"2025-05-14T06:40:16+00:00\" \/>\n<meta name=\"twitter:card\" content=\"summary_large_image\" \/>\n<meta name=\"twitter:label1\" content=\"Gesch\u00e4tzte Lesezeit\" \/>\n\t<meta name=\"twitter:data1\" content=\"2\u00a0Minuten\" \/>\n<script type=\"application\/ld+json\" class=\"yoast-schema-graph\">{\"@context\":\"https:\\\/\\\/schema.org\",\"@graph\":[{\"@type\":\"WebPage\",\"@id\":\"https:\\\/\\\/greecexperience.gr\\\/de\\\/kontakt\\\/\",\"url\":\"https:\\\/\\\/greecexperience.gr\\\/de\\\/kontakt\\\/\",\"name\":\"Kontakt - G r e e c e X p e r i e n c e\",\"isPartOf\":{\"@id\":\"https:\\\/\\\/greecexperience.gr\\\/#website\"},\"datePublished\":\"2024-12-17T09:55:34+00:00\",\"dateModified\":\"2025-05-14T06:40:16+00:00\",\"description\":\"Dimitrios G. Margonis, GREECEXPERIENCE, telefon +30 698 0622444 | +30 26811 21423, email margonis@mindwork.com.gr\",\"breadcrumb\":{\"@id\":\"https:\\\/\\\/greecexperience.gr\\\/de\\\/kontakt\\\/#breadcrumb\"},\"inLanguage\":\"de\",\"potentialAction\":[{\"@type\":\"ReadAction\",\"target\":[\"https:\\\/\\\/greecexperience.gr\\\/de\\\/kontakt\\\/\"]}]},{\"@type\":\"BreadcrumbList\",\"@id\":\"https:\\\/\\\/greecexperience.gr\\\/de\\\/kontakt\\\/#breadcrumb\",\"itemListElement\":[{\"@type\":\"ListItem\",\"position\":1,\"name\":\"Home\",\"item\":\"https:\\\/\\\/greecexperience.gr\\\/de\\\/\"},{\"@type\":\"ListItem\",\"position\":2,\"name\":\"Kontakt\"}]},{\"@type\":\"WebSite\",\"@id\":\"https:\\\/\\\/greecexperience.gr\\\/#website\",\"url\":\"https:\\\/\\\/greecexperience.gr\\\/\",\"name\":\"G r e e c e X p e r i e n c e\",\"description\":\"Experience Greece by land and sea!\",\"publisher\":{\"@id\":\"https:\\\/\\\/greecexperience.gr\\\/#organization\"},\"potentialAction\":[{\"@type\":\"SearchAction\",\"target\":{\"@type\":\"EntryPoint\",\"urlTemplate\":\"https:\\\/\\\/greecexperience.gr\\\/?s={search_term_string}\"},\"query-input\":{\"@type\":\"PropertyValueSpecification\",\"valueRequired\":true,\"valueName\":\"search_term_string\"}}],\"inLanguage\":\"de\"},{\"@type\":\"Organization\",\"@id\":\"https:\\\/\\\/greecexperience.gr\\\/#organization\",\"name\":\"G r e e c e X p e r i e n c e\",\"url\":\"https:\\\/\\\/greecexperience.gr\\\/\",\"logo\":{\"@type\":\"ImageObject\",\"inLanguage\":\"de\",\"@id\":\"https:\\\/\\\/greecexperience.gr\\\/#\\\/schema\\\/logo\\\/image\\\/\",\"url\":\"https:\\\/\\\/greecexperience.gr\\\/wp-content\\\/uploads\\\/2025\\\/03\\\/logo-greecexperience.png\",\"contentUrl\":\"https:\\\/\\\/greecexperience.gr\\\/wp-content\\\/uploads\\\/2025\\\/03\\\/logo-greecexperience.png\",\"width\":500,\"height\":111,\"caption\":\"G r e e c e X p e r i e n c e\"},\"image\":{\"@id\":\"https:\\\/\\\/greecexperience.gr\\\/#\\\/schema\\\/logo\\\/image\\\/\"},\"sameAs\":[\"https:\\\/\\\/www.facebook.com\\\/Mediteron\",\"https:\\\/\\\/www.instagram.com\\\/mediteron_lifeandnature\"]}]}<\/script>\n<!-- \/ Yoast SEO plugin. -->","yoast_head_json":{"title":"Kontakt - G r e e c e X p e r i e n c e","description":"Dimitrios G. Margonis, GREECEXPERIENCE, telefon +30 698 0622444 | +30 26811 21423, email margonis@mindwork.com.gr","robots":{"index":"index","follow":"follow","max-snippet":"max-snippet:-1","max-image-preview":"max-image-preview:large","max-video-preview":"max-video-preview:-1"},"canonical":"https:\/\/greecexperience.gr\/de\/kontakt\/","og_locale":"de_DE","og_type":"article","og_title":"Kontakt - G r e e c e X p e r i e n c e","og_description":"Dimitrios G. Margonis, GREECEXPERIENCE, telefon +30 698 0622444 | +30 26811 21423, email margonis@mindwork.com.gr","og_url":"https:\/\/greecexperience.gr\/de\/kontakt\/","og_site_name":"G r e e c e X p e r i e n c e","article_publisher":"https:\/\/www.facebook.com\/Mediteron","article_modified_time":"2025-05-14T06:40:16+00:00","twitter_card":"summary_large_image","twitter_misc":{"Gesch\u00e4tzte Lesezeit":"2\u00a0Minuten"},"schema":{"@context":"https:\/\/schema.org","@graph":[{"@type":"WebPage","@id":"https:\/\/greecexperience.gr\/de\/kontakt\/","url":"https:\/\/greecexperience.gr\/de\/kontakt\/","name":"Kontakt - G r e e c e X p e r i e n c e","isPartOf":{"@id":"https:\/\/greecexperience.gr\/#website"},"datePublished":"2024-12-17T09:55:34+00:00","dateModified":"2025-05-14T06:40:16+00:00","description":"Dimitrios G. Margonis, GREECEXPERIENCE, telefon +30 698 0622444 | +30 26811 21423, email margonis@mindwork.com.gr","breadcrumb":{"@id":"https:\/\/greecexperience.gr\/de\/kontakt\/#breadcrumb"},"inLanguage":"de","potentialAction":[{"@type":"ReadAction","target":["https:\/\/greecexperience.gr\/de\/kontakt\/"]}]},{"@type":"BreadcrumbList","@id":"https:\/\/greecexperience.gr\/de\/kontakt\/#breadcrumb","itemListElement":[{"@type":"ListItem","position":1,"name":"Home","item":"https:\/\/greecexperience.gr\/de\/"},{"@type":"ListItem","position":2,"name":"Kontakt"}]},{"@type":"WebSite","@id":"https:\/\/greecexperience.gr\/#website","url":"https:\/\/greecexperience.gr\/","name":"G r e e c e X p e r i e n c e","description":"Experience Greece by land and sea!","publisher":{"@id":"https:\/\/greecexperience.gr\/#organization"},"potentialAction":[{"@type":"SearchAction","target":{"@type":"EntryPoint","urlTemplate":"https:\/\/greecexperience.gr\/?s={search_term_string}"},"query-input":{"@type":"PropertyValueSpecification","valueRequired":true,"valueName":"search_term_string"}}],"inLanguage":"de"},{"@type":"Organization","@id":"https:\/\/greecexperience.gr\/#organization","name":"G r e e c e X p e r i e n c e","url":"https:\/\/greecexperience.gr\/","logo":{"@type":"ImageObject","inLanguage":"de","@id":"https:\/\/greecexperience.gr\/#\/schema\/logo\/image\/","url":"https:\/\/greecexperience.gr\/wp-content\/uploads\/2025\/03\/logo-greecexperience.png","contentUrl":"https:\/\/greecexperience.gr\/wp-content\/uploads\/2025\/03\/logo-greecexperience.png","width":500,"height":111,"caption":"G r e e c e X p e r i e n c e"},"image":{"@id":"https:\/\/greecexperience.gr\/#\/schema\/logo\/image\/"},"sameAs":["https:\/\/www.facebook.com\/Mediteron","https:\/\/www.instagram.com\/mediteron_lifeandnature"]}]}},"_links":{"self":[{"href":"https:\/\/greecexperience.gr\/de\/wp-json\/wp\/v2\/pages\/147465","targetHints":{"allow":["GET"]}}],"collection":[{"href":"https:\/\/greecexperience.gr\/de\/wp-json\/wp\/v2\/pages"}],"about":[{"href":"https:\/\/greecexperience.gr\/de\/wp-json\/wp\/v2\/types\/page"}],"author":[{"embeddable":true,"href":"https:\/\/greecexperience.gr\/de\/wp-json\/wp\/v2\/users\/1"}],"replies":[{"embeddable":true,"href":"https:\/\/greecexperience.gr\/de\/wp-json\/wp\/v2\/comments?post=147465"}],"version-history":[{"count":0,"href":"https:\/\/greecexperience.gr\/de\/wp-json\/wp\/v2\/pages\/147465\/revisions"}],"wp:attachment":[{"href":"https:\/\/greecexperience.gr\/de\/wp-json\/wp\/v2\/media?parent=147465"}],"curies":[{"name":"wp","href":"https:\/\/api.w.org\/{rel}","templated":true}]}}